{"id":72,"date":"2025-07-09T00:48:01","date_gmt":"2025-07-08T22:48:01","guid":{"rendered":"https:\/\/new.kathylucan.com\/?page_id=72"},"modified":"2025-11-28T08:03:00","modified_gmt":"2025-11-28T07:03:00","slug":"kontakt","status":"publish","type":"page","link":"https:\/\/kathylucan.com\/en\/kontakt\/","title":{"rendered":"Contact"},"content":{"rendered":"<div data-elementor-type=\"wp-page\" data-elementor-id=\"72\" class=\"elementor elementor-72\" data-elementor-settings=\"{&quot;ha_cmc_init_switcher&quot;:&quot;no&quot;}\">\n\t\t\t\t\t\t<section class=\"elementor-section elementor-top-section elementor-element elementor-element-95d4b9c elementor-section-height-min-height elementor-reverse-tablet elementor-hidden-desktop elementor-hidden-tablet elementor-hidden-mobile elementor-section-boxed elementor-section-height-default elementor-section-items-middle\" data-id=\"95d4b9c\" data-element_type=\"section\" data-settings=\"{&quot;background_background&quot;:&quot;classic&quot;,&quot;_ha_eqh_enable&quot;:false}\">\n\t\t\t\t\t\t\t<div class=\"elementor-background-overlay\"><\/div>\n\t\t\t\t\t\t\t<div class=\"elementor-container elementor-column-gap-default\">\n\t\t\t\t\t<div class=\"elementor-column elementor-col-100 elementor-top-column elementor-element elementor-element-3205e00\" data-id=\"3205e00\" data-element_type=\"column\">\n\t\t\t<div class=\"elementor-widget-wrap elementor-element-populated\">\n\t\t\t\t\t\t<div class=\"elementor-element elementor-element-7a46431 elementor-widget elementor-widget-heading\" data-id=\"7a46431\" data-element_type=\"widget\" data-widget_type=\"heading.default\">\n\t\t\t\t\t<h2 class=\"elementor-heading-title elementor-size-default\">Contact<\/h2>\t\t\t\t<\/div>\n\t\t\t\t\t<\/div>\n\t\t<\/div>\n\t\t\t\t\t<\/div>\n\t\t<\/section>\n\t\t<div class=\"elementor-element elementor-element-38280662 e-flex e-con-boxed e-con e-parent\" data-id=\"38280662\" data-element_type=\"container\" data-settings=\"{&quot;background_background&quot;:&quot;classic&quot;,&quot;_ha_eqh_enable&quot;:false}\">\n\t\t\t\t\t<div class=\"e-con-inner\">\n\t\t<div class=\"elementor-element elementor-element-6a0bb593 e-con-full e-flex e-con e-child\" data-id=\"6a0bb593\" data-element_type=\"container\" data-settings=\"{&quot;_ha_eqh_enable&quot;:false}\">\n\t\t<div class=\"elementor-element elementor-element-22f88623 e-con-full e-flex e-con e-child\" data-id=\"22f88623\" data-element_type=\"container\" data-settings=\"{&quot;_ha_eqh_enable&quot;:false}\">\n\t\t<div class=\"elementor-element elementor-element-7a4fbb4c e-con-full e-flex e-con e-child\" data-id=\"7a4fbb4c\" data-element_type=\"container\" data-settings=\"{&quot;_ha_eqh_enable&quot;:false}\">\n\t\t\t\t<div class=\"elementor-element elementor-element-a95b6c2 elementor-widget elementor-widget-text-editor\" data-id=\"a95b6c2\" data-element_type=\"widget\" data-widget_type=\"text-editor.default\">\n\t\t\t\t\t\t\t\t\t<p>Mgr. Kate\u0159ina Lu\u010dan<\/p>\t\t\t\t\t\t\t\t<\/div>\n\t\t\t\t<div class=\"elementor-element elementor-element-9f14a7d elementor-align-left elementor-icon-list--layout-traditional elementor-list-item-link-full_width elementor-widget elementor-widget-icon-list\" data-id=\"9f14a7d\" data-element_type=\"widget\" data-widget_type=\"icon-list.default\">\n\t\t\t\t\t\t\t<ul class=\"elementor-icon-list-items\">\n\t\t\t\t\t\t\t<li class=\"elementor-icon-list-item\">\n\t\t\t\t\t\t\t\t\t\t\t<span class=\"elementor-icon-list-icon\">\n\t\t\t\t\t\t\t<i aria-hidden=\"true\" class=\"hm hm-phone\"><\/i>\t\t\t\t\t\t<\/span>\n\t\t\t\t\t\t\t\t\t\t<span class=\"elementor-icon-list-text\">+420\u00a0724\u00a0522\u00a0486<\/span>\n\t\t\t\t\t\t\t\t\t<\/li>\n\t\t\t\t\t\t\t\t<li class=\"elementor-icon-list-item\">\n\t\t\t\t\t\t\t\t\t\t\t<span class=\"elementor-icon-list-icon\">\n\t\t\t\t\t\t\t<i aria-hidden=\"true\" class=\"huge huge-mail-01\"><\/i>\t\t\t\t\t\t<\/span>\n\t\t\t\t\t\t\t\t\t\t<span class=\"elementor-icon-list-text\">katerina.lucan@gmail.com<\/span>\n\t\t\t\t\t\t\t\t\t<\/li>\n\t\t\t\t\t\t\t\t<li class=\"elementor-icon-list-item\">\n\t\t\t\t\t\t\t\t\t\t\t<span class=\"elementor-icon-list-icon\">\n\t\t\t\t\t\t\t<i aria-hidden=\"true\" class=\"hm hm-location-pointer\"><\/i>\t\t\t\t\t\t<\/span>\n\t\t\t\t\t\t\t\t\t\t<span class=\"elementor-icon-list-text\">Hlavn\u00ed 333\/76, Lelekovice 66431<\/span>\n\t\t\t\t\t\t\t\t\t<\/li>\n\t\t\t\t\t\t\t\t<li class=\"elementor-icon-list-item\">\n\t\t\t\t\t\t\t\t\t\t\t<span class=\"elementor-icon-list-icon\">\n\t\t\t\t\t\t\t<i aria-hidden=\"true\" class=\"huge huge-ico\"><\/i>\t\t\t\t\t\t<\/span>\n\t\t\t\t\t\t\t\t\t\t<span class=\"elementor-icon-list-text\">Business ID (I\u010cO): 05514169<\/span>\n\t\t\t\t\t\t\t\t\t<\/li>\n\t\t\t\t\t\t<\/ul>\n\t\t\t\t\t\t<\/div>\n\t\t\t\t<\/div>\n\t\t\t\t<\/div>\n\t\t\t\t<\/div>\n\t\t<div class=\"elementor-element elementor-element-241dfdeb e-con-full e-flex e-con e-child\" data-id=\"241dfdeb\" data-element_type=\"container\" data-settings=\"{&quot;_ha_eqh_enable&quot;:false}\">\n\t\t\t\t<div class=\"elementor-element elementor-element-a8afb91 bdt-background-overlay-yes elementor-widget elementor-widget-image\" data-id=\"a8afb91\" data-element_type=\"widget\" data-widget_type=\"image.default\">\n\t\t\t\t\t\t\t\t\t\t\t\t\t\t\t<img fetchpriority=\"high\" decoding=\"async\" width=\"232\" height=\"300\" src=\"https:\/\/kathylucan.com\/wp-content\/uploads\/2025\/07\/DB5A4735-232x300.webp\" class=\"attachment-medium size-medium wp-image-211\" alt=\"\u010clov\u011bk\" srcset=\"\" sizes=\"(max-width: 232px) 100vw, 232px\" data-srcset=\"\" \/>\t\t\t\t\t\t\t\t\t\t\t\t\t\t\t<\/div>\n\t\t\t\t<\/div>\n\t\t\t\t\t<\/div>\n\t\t\t\t<\/div>\n\t\t<div class=\"elementor-element elementor-element-868d63c elementor-hidden-mobile e-flex e-con-boxed e-con e-parent\" data-id=\"868d63c\" data-element_type=\"container\" data-settings=\"{&quot;_ha_eqh_enable&quot;:false}\">\n\t\t\t\t\t<div class=\"e-con-inner\">\n\t\t\t\t<div class=\"elementor-element elementor-element-17622f9 elementor-widget elementor-widget-bdt-contact-form\" data-id=\"17622f9\" data-element_type=\"widget\" id=\"form\" data-widget_type=\"bdt-contact-form.default\">\n\t\t\t\t\t\t\t<div class=\"bdt-contact-form bdt-contact-form-skin-default\">\n\t\t\t<div class=\"elementor-form-fields-wrapper\">\n\t\t\t\t\t\t<div class=\"bdt-contact-form-wrapper\">\n\t\t\t<form class=\"bdt-contact-form-form bdt-form-stacked bdt-grid bdt-grid-small without-recaptcha\" data-bdt-grid=\"\" action=\"https:\/\/kathylucan.com\/wp-admin\/admin-ajax.php\" method=\"post\">\n\n\t\t\t\t\t\t\t\t\t<div class=\"bdt-width-1-2\">\n\t\t\t\t\t\n\t\t\t\t\t<div class=\"bdt-field-group elementor-field-required bdt-width-1-1\">\n\t\t\t\t\t\t<label for=\"user_name17622f9\" class=\"bdt-form-label\">Name*<\/label><div class=\"bdt-form-controls\"><input type=\"text\" name=\"name\" id=\"user_name17622f9\" placeholder=\"Your Name\" class=\"bdt-input bdt-form-default\" required =\"required\"><\/div>\t\t\t\t\t<\/div>\n\n\t\t\t\t\t<div class=\"bdt-field-group elementor-field-required bdt-width-1-1\">\n\t\t\t\t\t\t<label for=\"email17622f9\" class=\"bdt-form-label\">Email*<\/label><div class=\"bdt-form-controls\"><input type=\"email\" name=\"email\" id=\"email17622f9\" placeholder=\"example@email.com\" class=\"bdt-input bdt-form-default\" required=\"required\"><\/div>\t\t\t\t\t<\/div>\n\n\t\t\t\t\t\n\t\t\t\t\t\t\t\t\t\t\t<div class=\"bdt-field-group bdt-width-1-1 elementor-field-required\">\n\t\t\t\t\t\t\t<label for=\"subject17622f9\" class=\"bdt-form-label\">Subject*<\/label><div class=\"bdt-form-controls\"><input type=\"text\" name=\"subject\" id=\"subject17622f9\" placeholder=\"Your Message Subject\" class=\"bdt-input bdt-form-default\" required=\"required\"><\/div>\t\t\t\t\t\t<\/div>\n\t\t\t\t\t\n\t\t\t\t\t\t\t\t\t\t<\/div>\n\t\t\t\t\t<div class=\"bdt-width-1-2\">\n\t\t\t\t\t\n\t\t\t\t\t\t\t\t\t\t\t<div class=\"bdt-field-group bdt-width-1-1 elementor-field-required\">\n\t\t\t\t\t\t\t<label for=\"message17622f9\" class=\"bdt-form-label\">Your Message*<\/label><div class=\"bdt-form-controls\"><textarea name=\"message\" id=\"message17622f9\" rows=\"5\" placeholder=\"Your Message Here\" class=\"bdt-textarea bdt-form-default\" required=\"required\"><\/textarea><\/div>\t\t\t\t\t\t<\/div>\n\t\t\t\t\t\n\t\t\t\t\t\n\n\t\t\t\t\t\n\t\t\t\t\t\n\t\t\t\t\t<input type=\"hidden\" class=\"widget_id\" name=\"widget_id\" value=\"17622f9\" \/>\n\t\t\t\t\t<input type=\"hidden\" name=\"bdt-sf-form\" value=\"true\" \/>\n\t\t\t\t\t<input type=\"hidden\" class=\"page_id\" name=\"page_id\" value=\"72\" \/>\n\n\t\t\t\t\t<div class=\"elementor-field-type-submit bdt-field-group bdt-flex bdt-width-1-1\">\n\t\t\t\t\t\t<button type=\"submit\" class=\"elementor-button bdt-button bdt-button-primary\" name=\"submit\">\n\t\t\t\t\t\t\t\t\t\t\t\t\t\t\t<span>\n\t\t\t\t\t\t\t\t\tSend Message\t\t\t\t\t\t\t\t<\/span>\n\t\t\t\t\t\t\t\t\t\t\t\t\t<\/button>\n\t\t\t\t\t<\/div>\n\n\t\t\t\t\t<input name=\"_wpnonce\" value=\"78700a8a62\" type=\"hidden\">\n\t\t\t\t\t\n\t\t\t\t\t\t\t\t\t\t\n\n\t\t\t\t\t<input type=\"hidden\" name=\"action\" value=\"element_pack_contact_form\" \/>\n\n\t\t\t\t\t\t\t\t\t\t<\/div>\n\t\t\t\t\n\t\t\t<\/form>\n\t\t<\/div>\n\t\t\t\t\t<\/div>\n\t\t<\/div>\n\t\t\t\t\t\t<\/div>\n\t\t\t\t\t<\/div>\n\t\t\t\t<\/div>\n\t\t<div class=\"elementor-element elementor-element-8a14dc9 elementor-hidden-desktop elementor-hidden-tablet e-flex e-con-boxed e-con e-parent\" data-id=\"8a14dc9\" data-element_type=\"container\" data-settings=\"{&quot;_ha_eqh_enable&quot;:false}\">\n\t\t\t\t\t<div class=\"e-con-inner\">\n\t\t\t\t<div class=\"elementor-element elementor-element-43da0cb elementor-widget elementor-widget-bdt-contact-form\" data-id=\"43da0cb\" data-element_type=\"widget\" data-widget_type=\"bdt-contact-form.default\">\n\t\t\t\t\t\t\t<div class=\"bdt-contact-form bdt-contact-form-skin-default\">\n\t\t\t<div class=\"elementor-form-fields-wrapper\">\n\t\t\t\t\t\t<div class=\"bdt-contact-form-wrapper\">\n\t\t\t<form class=\"bdt-contact-form-form bdt-form-stacked bdt-grid bdt-grid-small without-recaptcha\" data-bdt-grid=\"\" action=\"https:\/\/kathylucan.com\/wp-admin\/admin-ajax.php\" method=\"post\">\n\n\t\t\t\t\n\t\t\t\t\t<div class=\"bdt-field-group elementor-field-required bdt-width-1-1\">\n\t\t\t\t\t\t<label for=\"user_name43da0cb\" class=\"bdt-form-label\">Name*<\/label><div class=\"bdt-form-controls\"><input type=\"text\" name=\"name\" id=\"user_name43da0cb\" placeholder=\"Your Name\" class=\"bdt-input bdt-form-default\" required =\"required\"><\/div>\t\t\t\t\t<\/div>\n\n\t\t\t\t\t<div class=\"bdt-field-group elementor-field-required bdt-width-1-1\">\n\t\t\t\t\t\t<label for=\"email43da0cb\" class=\"bdt-form-label\">Email*<\/label><div class=\"bdt-form-controls\"><input type=\"email\" name=\"email\" id=\"email43da0cb\" placeholder=\"example@email.com\" class=\"bdt-input bdt-form-default\" required=\"required\"><\/div>\t\t\t\t\t<\/div>\n\n\t\t\t\t\t\n\t\t\t\t\t\t\t\t\t\t\t<div class=\"bdt-field-group bdt-width-1-1 elementor-field-required\">\n\t\t\t\t\t\t\t<label for=\"subject43da0cb\" class=\"bdt-form-label\">Subject*<\/label><div class=\"bdt-form-controls\"><input type=\"text\" name=\"subject\" id=\"subject43da0cb\" placeholder=\"Your Message Subject\" class=\"bdt-input bdt-form-default\" required=\"required\"><\/div>\t\t\t\t\t\t<\/div>\n\t\t\t\t\t\n\t\t\t\t\t\n\t\t\t\t\t\t\t\t\t\t\t<div class=\"bdt-field-group bdt-width-1-1 elementor-field-required\">\n\t\t\t\t\t\t\t<label for=\"message43da0cb\" class=\"bdt-form-label\">Your Message*<\/label><div class=\"bdt-form-controls\"><textarea name=\"message\" id=\"message43da0cb\" rows=\"5\" placeholder=\"Your Message Here\" class=\"bdt-textarea bdt-form-default\" required=\"required\"><\/textarea><\/div>\t\t\t\t\t\t<\/div>\n\t\t\t\t\t\n\t\t\t\t\t\n\n\t\t\t\t\t\n\t\t\t\t\t\n\t\t\t\t\t<input type=\"hidden\" class=\"widget_id\" name=\"widget_id\" value=\"43da0cb\" \/>\n\t\t\t\t\t<input type=\"hidden\" name=\"bdt-sf-43da0cb\" value=\"true\" \/>\n\t\t\t\t\t<input type=\"hidden\" class=\"page_id\" name=\"page_id\" value=\"72\" \/>\n\n\t\t\t\t\t<div class=\"elementor-field-type-submit bdt-field-group bdt-flex bdt-width-1-1\">\n\t\t\t\t\t\t<button type=\"submit\" class=\"elementor-button bdt-button bdt-button-primary\" name=\"submit\">\n\t\t\t\t\t\t\t\t\t\t\t\t\t\t\t<span>\n\t\t\t\t\t\t\t\t\tSend Message\t\t\t\t\t\t\t\t<\/span>\n\t\t\t\t\t\t\t\t\t\t\t\t\t<\/button>\n\t\t\t\t\t<\/div>\n\n\t\t\t\t\t<input name=\"_wpnonce\" value=\"78700a8a62\" type=\"hidden\">\n\t\t\t\t\t\n\t\t\t\t\t\t\t\t\t\t\n\n\t\t\t\t\t<input type=\"hidden\" name=\"action\" value=\"element_pack_contact_form\" \/>\n\n\t\t\t\t\t\n\t\t\t<\/form>\n\t\t<\/div>\n\t\t\t\t\t<\/div>\n\t\t<\/div>\n\t\t\t\t\t\t<\/div>\n\t\t\t\t\t<\/div>\n\t\t\t\t<\/div>\n\t\t<div class=\"elementor-element elementor-element-0998654 e-flex e-con-boxed e-con e-parent\" data-id=\"0998654\" data-element_type=\"container\" data-settings=\"{&quot;_ha_eqh_enable&quot;:false}\">\n\t\t\t\t\t<div class=\"e-con-inner\">\n\t\t\t\t<div class=\"elementor-element elementor-element-873ba38 elementor-widget-divider--view-line elementor-widget elementor-widget-divider\" data-id=\"873ba38\" data-element_type=\"widget\" data-widget_type=\"divider.default\">\n\t\t\t\t\t\t\t<div class=\"elementor-divider\">\n\t\t\t<span class=\"elementor-divider-separator\">\n\t\t\t\t\t\t<\/span>\n\t\t<\/div>\n\t\t\t\t\t\t<\/div>\n\t\t\t\t\t<\/div>\n\t\t\t\t<\/div>\n\t\t\t\t<\/div>","protected":false},"excerpt":{"rendered":"<p>Kontakt Mgr. Kate\u0159ina Lu\u010dan +420\u00a0724\u00a0522\u00a0486 katerina.lucan@gmail.com Hlavn\u00ed 333\/76, Lelekovice 66431 I\u010cO: 05514169 Name* Email* Subject* Your Message* Send Message Name* Email* Subject* Your Message* Send Message<\/p>","protected":false},"author":1,"featured_media":0,"parent":0,"menu_order":0,"comment_status":"closed","ping_status":"closed","template":"","meta":{"_eb_attr":"","footnotes":""},"class_list":["post-72","page","type-page","status-publish","hentry"],"yoast_head":"<!-- This site is optimized with the Yoast SEO plugin v26.4 - https:\/\/yoast.com\/wordpress\/plugins\/seo\/ -->\n<title>Kontakt - Kathy Lu\u010dan<\/title>\n<meta name=\"robots\" content=\"index, follow, max-snippet:-1, max-image-preview:large, max-video-preview:-1\" \/>\n<link rel=\"canonical\" href=\"https:\/\/kathylucan.com\/en\/kontakt\/\" \/>\n<meta property=\"og:locale\" content=\"en_US\" \/>\n<meta property=\"og:type\" content=\"article\" \/>\n<meta property=\"og:title\" content=\"Kontakt - Kathy Lu\u010dan\" \/>\n<meta property=\"og:description\" content=\"Kontakt Mgr. Kate\u0159ina Lu\u010dan +420\u00a0724\u00a0522\u00a0486 katerina.lucan@gmail.com Hlavn\u00ed 333\/76, Lelekovice 66431 I\u010cO: 05514169 Name* Email* Subject* Your Message* Send Message Name* Email* Subject* Your Message* Send Message\" \/>\n<meta property=\"og:url\" content=\"https:\/\/kathylucan.com\/en\/kontakt\/\" \/>\n<meta property=\"og:site_name\" content=\"Kathy Lu\u010dan\" \/>\n<meta property=\"article:modified_time\" content=\"2025-11-28T07:03:00+00:00\" \/>\n<meta property=\"og:image\" content=\"https:\/\/kathylucan.com\/wp-content\/uploads\/2025\/07\/DB5A4735.webp\" \/>\n\t<meta property=\"og:image:width\" content=\"1200\" \/>\n\t<meta property=\"og:image:height\" content=\"1553\" \/>\n\t<meta property=\"og:image:type\" content=\"image\/webp\" \/>\n<meta name=\"twitter:card\" content=\"summary_large_image\" \/>\n<meta name=\"twitter:label1\" content=\"Est. reading time\" \/>\n\t<meta name=\"twitter:data1\" content=\"1 minute\" \/>\n<script type=\"application\/ld+json\" class=\"yoast-schema-graph\">{\"@context\":\"https:\/\/schema.org\",\"@graph\":[{\"@type\":\"WebPage\",\"@id\":\"https:\/\/kathylucan.com\/kontakt\/\",\"url\":\"https:\/\/kathylucan.com\/kontakt\/\",\"name\":\"Kontakt - Kathy Lu\u010dan\",\"isPartOf\":{\"@id\":\"https:\/\/kathylucan.com\/#website\"},\"primaryImageOfPage\":{\"@id\":\"https:\/\/kathylucan.com\/kontakt\/#primaryimage\"},\"image\":{\"@id\":\"https:\/\/kathylucan.com\/kontakt\/#primaryimage\"},\"thumbnailUrl\":\"https:\/\/kathylucan.com\/wp-content\/uploads\/2025\/07\/DB5A4735-232x300.webp\",\"datePublished\":\"2025-07-08T22:48:01+00:00\",\"dateModified\":\"2025-11-28T07:03:00+00:00\",\"breadcrumb\":{\"@id\":\"https:\/\/kathylucan.com\/kontakt\/#breadcrumb\"},\"inLanguage\":\"en-US\",\"potentialAction\":[{\"@type\":\"ReadAction\",\"target\":[\"https:\/\/kathylucan.com\/kontakt\/\"]}]},{\"@type\":\"ImageObject\",\"inLanguage\":\"en-US\",\"@id\":\"https:\/\/kathylucan.com\/kontakt\/#primaryimage\",\"url\":\"https:\/\/kathylucan.com\/wp-content\/uploads\/2025\/07\/DB5A4735-232x300.webp\",\"contentUrl\":\"https:\/\/kathylucan.com\/wp-content\/uploads\/2025\/07\/DB5A4735-232x300.webp\"},{\"@type\":\"BreadcrumbList\",\"@id\":\"https:\/\/kathylucan.com\/kontakt\/#breadcrumb\",\"itemListElement\":[{\"@type\":\"ListItem\",\"position\":1,\"name\":\"Dom\u016f\",\"item\":\"https:\/\/kathylucan.com\/\"},{\"@type\":\"ListItem\",\"position\":2,\"name\":\"Kontakt\"}]},{\"@type\":\"WebSite\",\"@id\":\"https:\/\/kathylucan.com\/#website\",\"url\":\"https:\/\/kathylucan.com\/\",\"name\":\"Kathy Lu\u010dan\",\"description\":\"\",\"publisher\":{\"@id\":\"https:\/\/kathylucan.com\/#organization\"},\"potentialAction\":[{\"@type\":\"SearchAction\",\"target\":{\"@type\":\"EntryPoint\",\"urlTemplate\":\"https:\/\/kathylucan.com\/?s={search_term_string}\"},\"query-input\":{\"@type\":\"PropertyValueSpecification\",\"valueRequired\":true,\"valueName\":\"search_term_string\"}}],\"inLanguage\":\"en-US\"},{\"@type\":\"Organization\",\"@id\":\"https:\/\/kathylucan.com\/#organization\",\"name\":\"Kathy Lu\u010dan\",\"url\":\"https:\/\/kathylucan.com\/\",\"logo\":{\"@type\":\"ImageObject\",\"inLanguage\":\"en-US\",\"@id\":\"https:\/\/kathylucan.com\/#\/schema\/logo\/image\/\",\"url\":\"https:\/\/kathylucan.com\/wp-content\/uploads\/2025\/07\/Navrh-bez-nazvu-16-kopie.png\",\"contentUrl\":\"https:\/\/kathylucan.com\/wp-content\/uploads\/2025\/07\/Navrh-bez-nazvu-16-kopie.png\",\"width\":469,\"height\":148,\"caption\":\"Kathy Lu\u010dan\"},\"image\":{\"@id\":\"https:\/\/kathylucan.com\/#\/schema\/logo\/image\/\"}}]}<\/script>\n<!-- \/ Yoast SEO plugin. -->","yoast_head_json":{"title":"Kontakt - Kathy Lu\u010dan","robots":{"index":"index","follow":"follow","max-snippet":"max-snippet:-1","max-image-preview":"max-image-preview:large","max-video-preview":"max-video-preview:-1"},"canonical":"https:\/\/kathylucan.com\/en\/kontakt\/","og_locale":"en_US","og_type":"article","og_title":"Kontakt - Kathy Lu\u010dan","og_description":"Kontakt Mgr. Kate\u0159ina Lu\u010dan +420\u00a0724\u00a0522\u00a0486 katerina.lucan@gmail.com Hlavn\u00ed 333\/76, Lelekovice 66431 I\u010cO: 05514169 Name* Email* Subject* Your Message* Send Message Name* Email* Subject* Your Message* Send Message","og_url":"https:\/\/kathylucan.com\/en\/kontakt\/","og_site_name":"Kathy Lu\u010dan","article_modified_time":"2025-11-28T07:03:00+00:00","og_image":[{"width":1200,"height":1553,"url":"https:\/\/kathylucan.com\/wp-content\/uploads\/2025\/07\/DB5A4735.webp","type":"image\/webp"}],"twitter_card":"summary_large_image","twitter_misc":{"Est. reading time":"1 minute"},"schema":{"@context":"https:\/\/schema.org","@graph":[{"@type":"WebPage","@id":"https:\/\/kathylucan.com\/kontakt\/","url":"https:\/\/kathylucan.com\/kontakt\/","name":"Kontakt - Kathy Lu\u010dan","isPartOf":{"@id":"https:\/\/kathylucan.com\/#website"},"primaryImageOfPage":{"@id":"https:\/\/kathylucan.com\/kontakt\/#primaryimage"},"image":{"@id":"https:\/\/kathylucan.com\/kontakt\/#primaryimage"},"thumbnailUrl":"https:\/\/kathylucan.com\/wp-content\/uploads\/2025\/07\/DB5A4735-232x300.webp","datePublished":"2025-07-08T22:48:01+00:00","dateModified":"2025-11-28T07:03:00+00:00","breadcrumb":{"@id":"https:\/\/kathylucan.com\/kontakt\/#breadcrumb"},"inLanguage":"en-US","potentialAction":[{"@type":"ReadAction","target":["https:\/\/kathylucan.com\/kontakt\/"]}]},{"@type":"ImageObject","inLanguage":"en-US","@id":"https:\/\/kathylucan.com\/kontakt\/#primaryimage","url":"https:\/\/kathylucan.com\/wp-content\/uploads\/2025\/07\/DB5A4735-232x300.webp","contentUrl":"https:\/\/kathylucan.com\/wp-content\/uploads\/2025\/07\/DB5A4735-232x300.webp"},{"@type":"BreadcrumbList","@id":"https:\/\/kathylucan.com\/kontakt\/#breadcrumb","itemListElement":[{"@type":"ListItem","position":1,"name":"Dom\u016f","item":"https:\/\/kathylucan.com\/"},{"@type":"ListItem","position":2,"name":"Kontakt"}]},{"@type":"WebSite","@id":"https:\/\/kathylucan.com\/#website","url":"https:\/\/kathylucan.com\/","name":"Kathy Lucan","description":"","publisher":{"@id":"https:\/\/kathylucan.com\/#organization"},"potentialAction":[{"@type":"SearchAction","target":{"@type":"EntryPoint","urlTemplate":"https:\/\/kathylucan.com\/?s={search_term_string}"},"query-input":{"@type":"PropertyValueSpecification","valueRequired":true,"valueName":"search_term_string"}}],"inLanguage":"en-US"},{"@type":"Organization","@id":"https:\/\/kathylucan.com\/#organization","name":"Kathy Lucan","url":"https:\/\/kathylucan.com\/","logo":{"@type":"ImageObject","inLanguage":"en-US","@id":"https:\/\/kathylucan.com\/#\/schema\/logo\/image\/","url":"https:\/\/kathylucan.com\/wp-content\/uploads\/2025\/07\/Navrh-bez-nazvu-16-kopie.png","contentUrl":"https:\/\/kathylucan.com\/wp-content\/uploads\/2025\/07\/Navrh-bez-nazvu-16-kopie.png","width":469,"height":148,"caption":"Kathy Lu\u010dan"},"image":{"@id":"https:\/\/kathylucan.com\/#\/schema\/logo\/image\/"}}]}},"_links":{"self":[{"href":"https:\/\/kathylucan.com\/en\/wp-json\/wp\/v2\/pages\/72","targetHints":{"allow":["GET"]}}],"collection":[{"href":"https:\/\/kathylucan.com\/en\/wp-json\/wp\/v2\/pages"}],"about":[{"href":"https:\/\/kathylucan.com\/en\/wp-json\/wp\/v2\/types\/page"}],"author":[{"embeddable":true,"href":"https:\/\/kathylucan.com\/en\/wp-json\/wp\/v2\/users\/1"}],"replies":[{"embeddable":true,"href":"https:\/\/kathylucan.com\/en\/wp-json\/wp\/v2\/comments?post=72"}],"version-history":[{"count":96,"href":"https:\/\/kathylucan.com\/en\/wp-json\/wp\/v2\/pages\/72\/revisions"}],"predecessor-version":[{"id":3194,"href":"https:\/\/kathylucan.com\/en\/wp-json\/wp\/v2\/pages\/72\/revisions\/3194"}],"wp:attachment":[{"href":"https:\/\/kathylucan.com\/en\/wp-json\/wp\/v2\/media?parent=72"}],"curies":[{"name":"wp","href":"https:\/\/api.w.org\/{rel}","templated":true}]}}