{"id":65,"date":"2025-07-09T00:46:58","date_gmt":"2025-07-08T22:46:58","guid":{"rendered":"https:\/\/new.kathylucan.com\/?page_id=65"},"modified":"2025-10-10T11:27:58","modified_gmt":"2025-10-10T09:27:58","slug":"inspirace","status":"publish","type":"page","link":"https:\/\/kathylucan.com\/en\/inspirace\/","title":{"rendered":"Inspiration"},"content":{"rendered":"<div data-elementor-type=\"wp-page\" data-elementor-id=\"65\" class=\"elementor elementor-65\" data-elementor-settings=\"{&quot;ha_cmc_init_switcher&quot;:&quot;no&quot;}\">\n\t\t\t\t\t\t<section class=\"elementor-section elementor-top-section elementor-element elementor-element-71d0e320 elementor-section-height-min-height elementor-reverse-tablet elementor-section-boxed elementor-section-height-default elementor-section-items-middle\" data-id=\"71d0e320\" data-element_type=\"section\" data-settings=\"{&quot;background_background&quot;:&quot;classic&quot;,&quot;_ha_eqh_enable&quot;:false}\">\n\t\t\t\t\t\t\t<div class=\"elementor-background-overlay\"><\/div>\n\t\t\t\t\t\t\t<div class=\"elementor-container elementor-column-gap-default\">\n\t\t\t\t\t<div class=\"elementor-column elementor-col-100 elementor-top-column elementor-element elementor-element-20bf96dd\" data-id=\"20bf96dd\" data-element_type=\"column\">\n\t\t\t<div class=\"elementor-widget-wrap elementor-element-populated\">\n\t\t\t\t\t\t<div class=\"elementor-element elementor-element-988436a elementor-widget elementor-widget-heading\" data-id=\"988436a\" data-element_type=\"widget\" data-widget_type=\"heading.default\">\n\t\t\t\t\t<h2 class=\"elementor-heading-title elementor-size-default\">Inspiration<\/h2>\t\t\t\t<\/div>\n\t\t\t\t\t<\/div>\n\t\t<\/div>\n\t\t\t\t\t<\/div>\n\t\t<\/section>\n\t\t<div class=\"elementor-element elementor-element-686295a e-flex e-con-boxed e-con e-parent\" data-id=\"686295a\" data-element_type=\"container\" data-settings=\"{&quot;_ha_eqh_enable&quot;:false}\">\n\t\t\t\t\t<div class=\"e-con-inner\">\n\t\t\t\t<div class=\"elementor-element elementor-element-7ced8b9 elementor-widget elementor-widget-ucaddon_post_grid\" data-id=\"7ced8b9\" data-element_type=\"widget\" data-widget_type=\"ucaddon_post_grid.default\">\n\t\t\t\t<div class=\"elementor-widget-container\">\n\t\t\t\t\t\n<!-- start Post Grid -->\n\t\t<link id='font-awesome-css' href='https:\/\/kathylucan.com\/wp-content\/plugins\/unlimited-elements-for-elementor\/assets_libraries\/font-awesome6\/fontawesome-all.min.css' type='text\/css' rel='stylesheet' >\n\t\t<link id='font-awesome-4-shim-css' href='https:\/\/kathylucan.com\/wp-content\/plugins\/unlimited-elements-for-elementor\/assets_libraries\/font-awesome6\/fontawesome-v4-shims.min.css' type='text\/css' rel='stylesheet' >\n\n<style>\/* widget: Post Grid *\/\n\n\n\n#uc_post_grid_elementor_7ced8b9{\n  min-height: 1px;\n}\n\n#uc_post_grid_elementor_7ced8b9.uc_post_grid_style_one .uc_post_grid_style_one_wrap {\n   display:grid;\n}\n\n\n#uc_post_grid_elementor_7ced8b9 .uc_post_grid_style_one_item{\n  position:relative;\n}\n\n#uc_post_grid_elementor_7ced8b9 .uc_post_image{\n  transition:0.3s;\n  position:relative;\n  overflow:hidden;\n}\n\n#uc_post_grid_elementor_7ced8b9 .uc_post_image img{\n  width:100%;\n  display:block;\n  transition:0.3s;\n}\n\n\t\n\n#uc_post_grid_elementor_7ced8b9 .uc_post_image_overlay{\n  position:absolute;\n  top:0px;\n  left:0px;\n  height:100%;\n  width:100%;\n  transition:0.3s;\n}\n\n#uc_post_grid_elementor_7ced8b9 .uc_more_btn-custom-field{\n  display:inline-block;\n  text-align:center;\n  text-decoration:none;\n  transition:0.3s;\n}\n\n#uc_post_grid_elementor_7ced8b9 .uc_more_btn{\n  display:inline-block;\n  text-align:center;\n  text-decoration:none;\n  transition:0.3s;\n}\n\n.ue-grid-item-category a{\n  display:inline-block;\n  font-size:10px;\n  position: relative;\n  z-index: 1;\n}\n\n#uc_post_grid_elementor_7ced8b9 .ue-grid-item-posttype{\n  display:inline-block;\n  position: relative;\n  z-index: 1;\n}\n\n\n.uc_post_title{\n  font-size:21px;\n}\n\n\n#uc_post_grid_elementor_7ced8b9.uc_post_grid_style_one.ue-list-view .uc_content{\n flex-grow:1;\n}\n\n\n  #uc_post_grid_elementor_7ced8b9:not(.ue-list-view) .ue_post_grid_item{\n    display:flex;\n    flex-direction:column;\n  }\n  \n  #uc_post_grid_elementor_7ced8b9.uc_post_grid_style_one:not(.ue-list-view) .uc_content{\n   flex-grow:1;\n  }\n\n  #uc_post_grid_elementor_7ced8b9.uc_post_grid_style_one .uc_content > div{\n    height:100%;\n    display:flex;\n    flex-direction:column;\n    justify-content: space-between;  }\n\n    #uc_post_grid_elementor_7ced8b9 .uc_post_button   {\n     margin-top:auto;\n   }\n  \n\n\n\n\n\n\n\n\n\n\n\n\n\/*  for grid\/list layout switcher*\/\n\t#uc_post_grid_elementor_7ced8b9.ue-list-view .uc_post_grid_style_one_item {\n     display:flex;  \n     flex-direction:row;\n    }\n    #uc_post_grid_elementor_7ced8b9.ue-list-view .uc_post_grid_style_one_item > div{\n     width:50%;\n    }\n   \n    #uc_post_grid_elementor_7ced8b9.ue-list-view .uc_content    {\n      display:flex;\n      flex-direction:column;\n      justify-content:center;\n    }\n \n\/*  for grid\/list layout switcher*\/\n\n#uc_post_grid_elementor_7ced8b9 .ue-meta-data{  \n  display:flex !important;\n  flex-wrap: wrap;\n  line-height:1em;\n}\n\n#uc_post_grid_elementor_7ced8b9 .ue-grid-item-meta-data{\n  display:inline-flex;\n  align-items:center;\n}\n\n#uc_post_grid_elementor_7ced8b9 .ue-grid-item-meta-data a{\n  color:inherit;\n}\n\n.ue-grid-item-meta-data{\n  font-size:12px;\n}\n\n#uc_post_grid_elementor_7ced8b9 .ue-grid-item-meta-data-icon{\n  line-height:1em;\n}\n\n#uc_post_grid_elementor_7ced8b9 .ue-grid-item-meta-data-icon svg{\n  width:1em;\n  height:1em;\n}\n\n#uc_post_grid_elementor_7ced8b9 .ue-debug-meta{\n  padding:10px;\n  border:1px solid red;\n  position:relative;\n  line-height:1.5em;\n  font-size:11px;\n  width:100%;\n}\n\n#uc_post_grid_elementor_7ced8b9 .uc_btn_inner{\n  display:inline-flex;\n  align-items:center;\n  pointer-events:none;\n}\n\n#uc_post_grid_elementor_7ced8b9 .uc_btn_inner svg{\n  width:1em;\n  height:1em;\n}\n#uc_post_grid_elementor_7ced8b9 .ue_p_title{\n  pointer-events:none;\n}\n\n\n#uc_post_grid_elementor_7ced8b9 .uc_content_inner{\n  width: 100%;\n}\n\n\n#uc_post_grid_elementor_7ced8b9 .view-switcher-button{\n  display: flex;\n  align-items: center;\n}\n\n#uc_post_grid_elementor_7ced8b9 .view-switcher-icon{\n  display: flex;\n  align-items: center;\n  line-height: 1;\n  cursor: pointer;\n  transition: all .3s ease;\n}\n\n#uc_post_grid_elementor_7ced8b9 .view-switcher-icon svg{\n  height:1em;\n  width:1em;\n}\n\n#uc_post_grid_elementor_7ced8b9 .view-switcher-icon.ue-hidden{\n  display: none;\n}\n\n\n#uc_post_grid_elementor_7ced8b9_item1 [href=\"javascript:void(0)\"]{\n  cursor: unset;\n}\n\n\n#uc_post_grid_elementor_7ced8b9_item2 [href=\"javascript:void(0)\"]{\n  cursor: unset;\n}\n\n\n<\/style>\n\n<div class=\"uc_post_grid_style_one\" id=\"uc_post_grid_elementor_7ced8b9\"  >\n  \t\n  <div class=\"uc_post_grid_style_one_wrap ue_post_grid uc-items-wrapper ue-woo-grid\">\n\t\t\t\n\n\n\n\n<div id=\"uc_post_grid_elementor_7ced8b9_item1\" class=\"uc_post_grid_style_one_item ue_post_grid_item ue-item\">\n  \n      <a class=\"uc_post_grid_style_one_image\" href='https:\/\/kathylucan.com\/en\/2025\/12\/16\/elementor-2963\/' target=\"_blank\">\n     <div class=\"uc_post_image\">\n       <img loading=\"lazy\" decoding=\"async\" src=\"https:\/\/kathylucan.com\/wp-content\/uploads\/2025\/12\/with_the_light.gif\"  alt=\"with_the_light\" width=\"320\" height=\"320\">\n       <div class=\"uc_post_image_overlay\"><\/div>\n     <\/div>\n    <\/a>\n   \n  <div class=\"uc_content\">\n    <div class=\"uc_content_inner\">\n      <div class=\"uc_content-info-wrapper\" >\n                \n                            \n        <div class=\"uc_post_title\"><a class=\"\" href='https:\/\/kathylucan.com\/en\/2025\/12\/16\/elementor-2963\/' target=\"_blank\"><div class=\"ue_p_title\">WHEN LIGHT BECOMES A CHOICE<\/div><\/a><\/div>\t\n                 \n          <div class=\"ue-meta-data\">\n            \n                \t    \n                \n        \n\t\n                \n                \n                \n                \n    \t\t\t\n      \n            \n  <\/div>\t\n        \t<div class=\"uc_post_text\">Kdy\u017e s\u00edla neznamen\u00e1 tlak, ale jasnost.\nJsou chv\u00edle, kdy se sv\u011bt zd\u00e1 hlu\u010dn\u011bj\u0161\u00ed ne\u017e n\u00e1\u0161 vlastn\u00ed tep.Chv\u00edle,...<\/div>\n     \n                   \n                         \n                                              \n      <\/div>                      \n            <div class=\"uc_post_button\">\n        \n        <a class=\"uc_more_btn\" target=\"_blank\" href='https:\/\/kathylucan.com\/en\/2025\/12\/16\/elementor-2963\/'>\n          <div class=\"uc_btn_inner\">\n            <div class=\"uc_btn_txt\">V\u00edce<\/div>\n                      <\/div>\n      \t<\/a>\n        \n                \n      <\/div>                           \n \t<\/div>  <\/div>      \n        \n<\/div>\n\n\n\n\n\n<div id=\"uc_post_grid_elementor_7ced8b9_item2\" class=\"uc_post_grid_style_one_item ue_post_grid_item ue-item\">\n  \n      <a class=\"uc_post_grid_style_one_image\" href='https:\/\/kathylucan.com\/en\/2025\/12\/14\/tymovy-koucink-pro-moderni-organizace\/' target=\"_blank\">\n     <div class=\"uc_post_image\">\n       <img loading=\"lazy\" decoding=\"async\" src=\"https:\/\/kathylucan.com\/wp-content\/uploads\/2025\/12\/aguabuena_Please_desing_table_with_cards_that_has_a_journey_o_21dac3cf-863a-40c9-829c-538ec663d55a_1-1.gif\"  alt=\"aguabuena_Please_desing_table_with_cards_that_has_a_journey_o_21dac3cf-863a-40c9-829c-538ec663d55a_1\" width=\"320\" height=\"320\">\n       <div class=\"uc_post_image_overlay\"><\/div>\n     <\/div>\n    <\/a>\n   \n  <div class=\"uc_content\">\n    <div class=\"uc_content_inner\">\n      <div class=\"uc_content-info-wrapper\" >\n                \n                            \n        <div class=\"uc_post_title\"><a class=\"\" href='https:\/\/kathylucan.com\/en\/2025\/12\/14\/tymovy-koucink-pro-moderni-organizace\/' target=\"_blank\"><div class=\"ue_p_title\">TEAM COACHING FOR MODERN ORGANIZATIONS<\/div><\/a><\/div>\t\n                 \n          <div class=\"ue-meta-data\">\n            \n                \t    \n                \n        \n\t\n                \n                \n                \n                \n    \t\t\t\n      \n            \n  <\/div>\t\n        \t<div class=\"uc_post_text\">Kdy\u017e syst\u00e9mov\u00e9 principy d\u00e1vaj\u00ed smysl i v byznysu.\n\n\nModern\u00ed organizace funguj\u00ed jako syst\u00e9my.\n\n\nZ pohledu...<\/div>\n     \n                   \n                         \n                                              \n      <\/div>                      \n            <div class=\"uc_post_button\">\n        \n        <a class=\"uc_more_btn\" target=\"_blank\" href='https:\/\/kathylucan.com\/en\/2025\/12\/14\/tymovy-koucink-pro-moderni-organizace\/'>\n          <div class=\"uc_btn_inner\">\n            <div class=\"uc_btn_txt\">V\u00edce<\/div>\n                      <\/div>\n      \t<\/a>\n        \n                \n      <\/div>                           \n \t<\/div>  <\/div>      \n        \n<\/div>\n\n\t\t<\/div>\n\t<\/div>\n\n\n\n<!-- end Post Grid -->\t\t\t\t<\/div>\n\t\t\t\t<\/div>\n\t\t\t\t\t<\/div>\n\t\t\t\t<\/div>\n\t\t<div class=\"elementor-element elementor-element-0d30b4d e-flex e-con-boxed e-con e-parent\" data-id=\"0d30b4d\" data-element_type=\"container\" data-settings=\"{&quot;_ha_eqh_enable&quot;:false}\">\n\t\t\t\t\t<div class=\"e-con-inner\">\n\t\t\t\t<div class=\"elementor-element elementor-element-11525e7 elementor-widget-divider--view-line elementor-widget elementor-widget-divider\" data-id=\"11525e7\" data-element_type=\"widget\" data-widget_type=\"divider.default\">\n\t\t\t\t\t\t\t<div class=\"elementor-divider\">\n\t\t\t<span class=\"elementor-divider-separator\">\n\t\t\t\t\t\t<\/span>\n\t\t<\/div>\n\t\t\t\t\t\t<\/div>\n\t\t\t\t\t<\/div>\n\t\t\t\t<\/div>\n\t\t\t\t<\/div>","protected":false},"excerpt":{"rendered":"<p>Inspirace Kdo je to kou\u010d? &#8211; Copy Kdo je to kou\u010d? Lorem ipsum dolor sit amet, consectetur adipiscing elit. Ut elit tellus, luctus nec ullamcorper&#8230; V\u00edce Kdo je to kou\u010d? Kdo je to kou\u010d? Lorem ipsum dolor sit amet, consectetur adipiscing elit. Ut elit tellus, luctus nec ullamcorper&#8230; V\u00edce Ahoj v\u0161ichni! V\u00edtejte ve WordPressu. Toto [&hellip;]<\/p>","protected":false},"author":1,"featured_media":0,"parent":0,"menu_order":0,"comment_status":"closed","ping_status":"closed","template":"","meta":{"_eb_attr":"","footnotes":""},"class_list":["post-65","page","type-page","status-publish","hentry"],"yoast_head":"<!-- This site is optimized with the Yoast SEO plugin v26.4 - https:\/\/yoast.com\/wordpress\/plugins\/seo\/ -->\n<title>Inspirace - Kathy Lu\u010dan<\/title>\n<meta name=\"robots\" content=\"index, follow, max-snippet:-1, max-image-preview:large, max-video-preview:-1\" \/>\n<link rel=\"canonical\" href=\"https:\/\/kathylucan.com\/en\/inspirace\/\" \/>\n<meta property=\"og:locale\" content=\"en_US\" \/>\n<meta property=\"og:type\" content=\"article\" \/>\n<meta property=\"og:title\" content=\"Inspirace - Kathy Lu\u010dan\" \/>\n<meta property=\"og:description\" content=\"Inspirace Kdo je to kou\u010d? &#8211; Copy Kdo je to kou\u010d? Lorem ipsum dolor sit amet, consectetur adipiscing elit. Ut elit tellus, luctus nec ullamcorper&#8230; V\u00edce Kdo je to kou\u010d? Kdo je to kou\u010d? Lorem ipsum dolor sit amet, consectetur adipiscing elit. Ut elit tellus, luctus nec ullamcorper&#8230; V\u00edce Ahoj v\u0161ichni! V\u00edtejte ve WordPressu. Toto [&hellip;]\" \/>\n<meta property=\"og:url\" content=\"https:\/\/kathylucan.com\/en\/inspirace\/\" \/>\n<meta property=\"og:site_name\" content=\"Kathy Lu\u010dan\" \/>\n<meta property=\"article:modified_time\" content=\"2025-10-10T09:27:58+00:00\" \/>\n<meta name=\"twitter:card\" content=\"summary_large_image\" \/>\n<meta name=\"twitter:label1\" content=\"Est. reading time\" \/>\n\t<meta name=\"twitter:data1\" content=\"1 minute\" \/>\n<script type=\"application\/ld+json\" class=\"yoast-schema-graph\">{\"@context\":\"https:\/\/schema.org\",\"@graph\":[{\"@type\":\"WebPage\",\"@id\":\"https:\/\/kathylucan.com\/inspirace\/\",\"url\":\"https:\/\/kathylucan.com\/inspirace\/\",\"name\":\"Inspirace - Kathy Lu\u010dan\",\"isPartOf\":{\"@id\":\"https:\/\/kathylucan.com\/#website\"},\"primaryImageOfPage\":{\"@id\":\"https:\/\/kathylucan.com\/inspirace\/#primaryimage\"},\"image\":{\"@id\":\"https:\/\/kathylucan.com\/inspirace\/#primaryimage\"},\"thumbnailUrl\":\"https:\/\/kathylucan.com\/wp-content\/uploads\/2025\/07\/lee-miller-47629-unsplash-768x519.jpg\",\"datePublished\":\"2025-07-08T22:46:58+00:00\",\"dateModified\":\"2025-10-10T09:27:58+00:00\",\"breadcrumb\":{\"@id\":\"https:\/\/kathylucan.com\/inspirace\/#breadcrumb\"},\"inLanguage\":\"en-US\",\"potentialAction\":[{\"@type\":\"ReadAction\",\"target\":[\"https:\/\/kathylucan.com\/inspirace\/\"]}]},{\"@type\":\"ImageObject\",\"inLanguage\":\"en-US\",\"@id\":\"https:\/\/kathylucan.com\/inspirace\/#primaryimage\",\"url\":\"https:\/\/kathylucan.com\/wp-content\/uploads\/2025\/07\/lee-miller-47629-unsplash-768x519.jpg\",\"contentUrl\":\"https:\/\/kathylucan.com\/wp-content\/uploads\/2025\/07\/lee-miller-47629-unsplash-768x519.jpg\"},{\"@type\":\"BreadcrumbList\",\"@id\":\"https:\/\/kathylucan.com\/inspirace\/#breadcrumb\",\"itemListElement\":[{\"@type\":\"ListItem\",\"position\":1,\"name\":\"Dom\u016f\",\"item\":\"https:\/\/kathylucan.com\/\"},{\"@type\":\"ListItem\",\"position\":2,\"name\":\"Inspirace\"}]},{\"@type\":\"WebSite\",\"@id\":\"https:\/\/kathylucan.com\/#website\",\"url\":\"https:\/\/kathylucan.com\/\",\"name\":\"Kathy Lu\u010dan\",\"description\":\"\",\"publisher\":{\"@id\":\"https:\/\/kathylucan.com\/#organization\"},\"potentialAction\":[{\"@type\":\"SearchAction\",\"target\":{\"@type\":\"EntryPoint\",\"urlTemplate\":\"https:\/\/kathylucan.com\/?s={search_term_string}\"},\"query-input\":{\"@type\":\"PropertyValueSpecification\",\"valueRequired\":true,\"valueName\":\"search_term_string\"}}],\"inLanguage\":\"en-US\"},{\"@type\":\"Organization\",\"@id\":\"https:\/\/kathylucan.com\/#organization\",\"name\":\"Kathy Lu\u010dan\",\"url\":\"https:\/\/kathylucan.com\/\",\"logo\":{\"@type\":\"ImageObject\",\"inLanguage\":\"en-US\",\"@id\":\"https:\/\/kathylucan.com\/#\/schema\/logo\/image\/\",\"url\":\"https:\/\/kathylucan.com\/wp-content\/uploads\/2025\/07\/Navrh-bez-nazvu-16-kopie.png\",\"contentUrl\":\"https:\/\/kathylucan.com\/wp-content\/uploads\/2025\/07\/Navrh-bez-nazvu-16-kopie.png\",\"width\":469,\"height\":148,\"caption\":\"Kathy Lu\u010dan\"},\"image\":{\"@id\":\"https:\/\/kathylucan.com\/#\/schema\/logo\/image\/\"}}]}<\/script>\n<!-- \/ Yoast SEO plugin. -->","yoast_head_json":{"title":"Inspirace - Kathy Lu\u010dan","robots":{"index":"index","follow":"follow","max-snippet":"max-snippet:-1","max-image-preview":"max-image-preview:large","max-video-preview":"max-video-preview:-1"},"canonical":"https:\/\/kathylucan.com\/en\/inspirace\/","og_locale":"en_US","og_type":"article","og_title":"Inspirace - Kathy Lu\u010dan","og_description":"Inspirace Kdo je to kou\u010d? &#8211; Copy Kdo je to kou\u010d? Lorem ipsum dolor sit amet, consectetur adipiscing elit. Ut elit tellus, luctus nec ullamcorper&#8230; V\u00edce Kdo je to kou\u010d? Kdo je to kou\u010d? Lorem ipsum dolor sit amet, consectetur adipiscing elit. Ut elit tellus, luctus nec ullamcorper&#8230; V\u00edce Ahoj v\u0161ichni! V\u00edtejte ve WordPressu. Toto [&hellip;]","og_url":"https:\/\/kathylucan.com\/en\/inspirace\/","og_site_name":"Kathy Lu\u010dan","article_modified_time":"2025-10-10T09:27:58+00:00","twitter_card":"summary_large_image","twitter_misc":{"Est. reading time":"1 minute"},"schema":{"@context":"https:\/\/schema.org","@graph":[{"@type":"WebPage","@id":"https:\/\/kathylucan.com\/inspirace\/","url":"https:\/\/kathylucan.com\/inspirace\/","name":"Inspirace - Kathy Lu\u010dan","isPartOf":{"@id":"https:\/\/kathylucan.com\/#website"},"primaryImageOfPage":{"@id":"https:\/\/kathylucan.com\/inspirace\/#primaryimage"},"image":{"@id":"https:\/\/kathylucan.com\/inspirace\/#primaryimage"},"thumbnailUrl":"https:\/\/kathylucan.com\/wp-content\/uploads\/2025\/07\/lee-miller-47629-unsplash-768x519.jpg","datePublished":"2025-07-08T22:46:58+00:00","dateModified":"2025-10-10T09:27:58+00:00","breadcrumb":{"@id":"https:\/\/kathylucan.com\/inspirace\/#breadcrumb"},"inLanguage":"en-US","potentialAction":[{"@type":"ReadAction","target":["https:\/\/kathylucan.com\/inspirace\/"]}]},{"@type":"ImageObject","inLanguage":"en-US","@id":"https:\/\/kathylucan.com\/inspirace\/#primaryimage","url":"https:\/\/kathylucan.com\/wp-content\/uploads\/2025\/07\/lee-miller-47629-unsplash-768x519.jpg","contentUrl":"https:\/\/kathylucan.com\/wp-content\/uploads\/2025\/07\/lee-miller-47629-unsplash-768x519.jpg"},{"@type":"BreadcrumbList","@id":"https:\/\/kathylucan.com\/inspirace\/#breadcrumb","itemListElement":[{"@type":"ListItem","position":1,"name":"Dom\u016f","item":"https:\/\/kathylucan.com\/"},{"@type":"ListItem","position":2,"name":"Inspirace"}]},{"@type":"WebSite","@id":"https:\/\/kathylucan.com\/#website","url":"https:\/\/kathylucan.com\/","name":"Kathy Lucan","description":"","publisher":{"@id":"https:\/\/kathylucan.com\/#organization"},"potentialAction":[{"@type":"SearchAction","target":{"@type":"EntryPoint","urlTemplate":"https:\/\/kathylucan.com\/?s={search_term_string}"},"query-input":{"@type":"PropertyValueSpecification","valueRequired":true,"valueName":"search_term_string"}}],"inLanguage":"en-US"},{"@type":"Organization","@id":"https:\/\/kathylucan.com\/#organization","name":"Kathy Lucan","url":"https:\/\/kathylucan.com\/","logo":{"@type":"ImageObject","inLanguage":"en-US","@id":"https:\/\/kathylucan.com\/#\/schema\/logo\/image\/","url":"https:\/\/kathylucan.com\/wp-content\/uploads\/2025\/07\/Navrh-bez-nazvu-16-kopie.png","contentUrl":"https:\/\/kathylucan.com\/wp-content\/uploads\/2025\/07\/Navrh-bez-nazvu-16-kopie.png","width":469,"height":148,"caption":"Kathy Lu\u010dan"},"image":{"@id":"https:\/\/kathylucan.com\/#\/schema\/logo\/image\/"}}]}},"_links":{"self":[{"href":"https:\/\/kathylucan.com\/en\/wp-json\/wp\/v2\/pages\/65","targetHints":{"allow":["GET"]}}],"collection":[{"href":"https:\/\/kathylucan.com\/en\/wp-json\/wp\/v2\/pages"}],"about":[{"href":"https:\/\/kathylucan.com\/en\/wp-json\/wp\/v2\/types\/page"}],"author":[{"embeddable":true,"href":"https:\/\/kathylucan.com\/en\/wp-json\/wp\/v2\/users\/1"}],"replies":[{"embeddable":true,"href":"https:\/\/kathylucan.com\/en\/wp-json\/wp\/v2\/comments?post=65"}],"version-history":[{"count":35,"href":"https:\/\/kathylucan.com\/en\/wp-json\/wp\/v2\/pages\/65\/revisions"}],"predecessor-version":[{"id":2650,"href":"https:\/\/kathylucan.com\/en\/wp-json\/wp\/v2\/pages\/65\/revisions\/2650"}],"wp:attachment":[{"href":"https:\/\/kathylucan.com\/en\/wp-json\/wp\/v2\/media?parent=65"}],"curies":[{"name":"wp","href":"https:\/\/api.w.org\/{rel}","templated":true}]}}