{"id":1244,"date":"2025-08-26T17:53:29","date_gmt":"2025-08-26T15:53:29","guid":{"rendered":"https:\/\/new.kathylucan.com\/?page_id=1244"},"modified":"2025-08-29T01:20:19","modified_gmt":"2025-08-28T23:20:19","slug":"prohlaseni-o-prislusnosti","status":"publish","type":"page","link":"https:\/\/kathylucan.com\/en\/prohlaseni-o-prislusnosti\/","title":{"rendered":"Affiliation Statement"},"content":{"rendered":"<div data-elementor-type=\"wp-page\" data-elementor-id=\"1244\" class=\"elementor elementor-1244\" data-elementor-settings=\"{&quot;ha_cmc_init_switcher&quot;:&quot;no&quot;}\">\n\t\t\t\t<div class=\"elementor-element elementor-element-4822a00b e-flex e-con-boxed e-con e-parent\" data-id=\"4822a00b\" data-element_type=\"container\" data-settings=\"{&quot;_ha_eqh_enable&quot;:false}\">\n\t\t\t\t\t<div class=\"e-con-inner\">\n\t\t<div class=\"elementor-element elementor-element-7dc7e1a e-con-full e-flex e-con e-child\" data-id=\"7dc7e1a\" data-element_type=\"container\" data-settings=\"{&quot;_ha_eqh_enable&quot;:false}\">\n\t\t\t\t<div class=\"elementor-element elementor-element-4382a1f8 elementor-widget elementor-widget-heading\" data-id=\"4382a1f8\" data-element_type=\"widget\" data-widget_type=\"heading.default\">\n\t\t\t\t\t<h2 class=\"elementor-heading-title elementor-size-default\">Affiliation Statement<\/h2>\t\t\t\t<\/div>\n\t\t\t\t<div class=\"elementor-element elementor-element-764444bc elementor-widget elementor-widget-text-editor\" data-id=\"764444bc\" data-element_type=\"widget\" data-widget_type=\"text-editor.default\">\n\t\t\t\t\t\t\t\t\t<p data-start=\"421\" data-end=\"634\">The content and services provided on <strong data-start=\"456\" data-end=\"474\">kathylucan.com<\/strong> are intended solely for personal growth and self-development. Coaching is not psychotherapy, medical care, legal, or financial consultation, and it cannot replace these services.<\/p><p data-start=\"636\" data-end=\"889\">The coach respects the boundaries of their profession and, if necessary, may recommend that the client seek another specialist. All shared experiences and information are meant to support and encourage personal growth \u2014 each client remains fully responsible for how they apply them in their daily life.<\/p>\t\t\t\t\t\t\t\t<\/div>\n\t\t\t\t<\/div>\n\t\t\t\t\t<\/div>\n\t\t\t\t<\/div>\n\t\t<div class=\"elementor-element elementor-element-cefb9b0 e-flex e-con-boxed e-con e-parent\" data-id=\"cefb9b0\" data-element_type=\"container\" data-settings=\"{&quot;_ha_eqh_enable&quot;:false}\">\n\t\t\t\t\t<div class=\"e-con-inner\">\n\t\t\t\t<div class=\"elementor-element elementor-element-9ec8df4 elementor-widget-divider--view-line elementor-widget elementor-widget-divider\" data-id=\"9ec8df4\" data-element_type=\"widget\" data-widget_type=\"divider.default\">\n\t\t\t\t\t\t\t<div class=\"elementor-divider\">\n\t\t\t<span class=\"elementor-divider-separator\">\n\t\t\t\t\t\t<\/span>\n\t\t<\/div>\n\t\t\t\t\t\t<\/div>\n\t\t\t\t\t<\/div>\n\t\t\t\t<\/div>\n\t\t\t\t<\/div>","protected":false},"excerpt":{"rendered":"<p>Prohl\u00e1\u0161en\u00ed o p\u0159\u00edslu\u0161nosti Obsah a slu\u017eby poskytovan\u00e9 na webu kathylucan.com slou\u017e\u00ed v\u00fdhradn\u011b k osobn\u00edmu rozvoji a sebepozn\u00e1n\u00ed. Kou\u010dink nen\u00ed psychoterapi\u00ed, l\u00e9ka\u0159skou p\u00e9\u010d\u00ed, pr\u00e1vn\u00ed ani finan\u010dn\u00ed konzultac\u00ed a nem\u016f\u017ee tyto slu\u017eby nahrazovat. Kou\u010d respektuje hranice sv\u00e9 profese a v p\u0159\u00edpad\u011b pot\u0159eby doporu\u010d\u00ed klientovi vyhledat jin\u00e9ho odborn\u00edka. Ve\u0161ker\u00e1 sd\u00edlen\u00e1 zku\u0161enost a informace maj\u00ed podp\u016frn\u00fd a rozvojov\u00fd charakter [&hellip;]<\/p>","protected":false},"author":1,"featured_media":0,"parent":0,"menu_order":0,"comment_status":"closed","ping_status":"closed","template":"","meta":{"_eb_attr":"","footnotes":""},"class_list":["post-1244","page","type-page","status-publish","hentry"],"yoast_head":"<!-- This site is optimized with the Yoast SEO plugin v26.4 - https:\/\/yoast.com\/wordpress\/plugins\/seo\/ -->\n<title>Prohl\u00e1\u0161en\u00ed o p\u0159\u00edslu\u0161nosti - Kathy Lu\u010dan<\/title>\n<meta name=\"robots\" content=\"index, follow, max-snippet:-1, max-image-preview:large, max-video-preview:-1\" \/>\n<link rel=\"canonical\" href=\"https:\/\/kathylucan.com\/en\/prohlaseni-o-prislusnosti\/\" \/>\n<meta property=\"og:locale\" content=\"en_US\" \/>\n<meta property=\"og:type\" content=\"article\" \/>\n<meta property=\"og:title\" content=\"Prohl\u00e1\u0161en\u00ed o p\u0159\u00edslu\u0161nosti - Kathy Lu\u010dan\" \/>\n<meta property=\"og:description\" content=\"Prohl\u00e1\u0161en\u00ed o p\u0159\u00edslu\u0161nosti Obsah a slu\u017eby poskytovan\u00e9 na webu kathylucan.com slou\u017e\u00ed v\u00fdhradn\u011b k osobn\u00edmu rozvoji a sebepozn\u00e1n\u00ed. Kou\u010dink nen\u00ed psychoterapi\u00ed, l\u00e9ka\u0159skou p\u00e9\u010d\u00ed, pr\u00e1vn\u00ed ani finan\u010dn\u00ed konzultac\u00ed a nem\u016f\u017ee tyto slu\u017eby nahrazovat. Kou\u010d respektuje hranice sv\u00e9 profese a v p\u0159\u00edpad\u011b pot\u0159eby doporu\u010d\u00ed klientovi vyhledat jin\u00e9ho odborn\u00edka. Ve\u0161ker\u00e1 sd\u00edlen\u00e1 zku\u0161enost a informace maj\u00ed podp\u016frn\u00fd a rozvojov\u00fd charakter [&hellip;]\" \/>\n<meta property=\"og:url\" content=\"https:\/\/kathylucan.com\/en\/prohlaseni-o-prislusnosti\/\" \/>\n<meta property=\"og:site_name\" content=\"Kathy Lu\u010dan\" \/>\n<meta property=\"article:modified_time\" content=\"2025-08-28T23:20:19+00:00\" \/>\n<meta name=\"twitter:card\" content=\"summary_large_image\" \/>\n<script type=\"application\/ld+json\" class=\"yoast-schema-graph\">{\"@context\":\"https:\/\/schema.org\",\"@graph\":[{\"@type\":\"WebPage\",\"@id\":\"https:\/\/kathylucan.com\/prohlaseni-o-prislusnosti\/\",\"url\":\"https:\/\/kathylucan.com\/prohlaseni-o-prislusnosti\/\",\"name\":\"Prohl\u00e1\u0161en\u00ed o p\u0159\u00edslu\u0161nosti - Kathy Lu\u010dan\",\"isPartOf\":{\"@id\":\"https:\/\/kathylucan.com\/#website\"},\"datePublished\":\"2025-08-26T15:53:29+00:00\",\"dateModified\":\"2025-08-28T23:20:19+00:00\",\"breadcrumb\":{\"@id\":\"https:\/\/kathylucan.com\/prohlaseni-o-prislusnosti\/#breadcrumb\"},\"inLanguage\":\"en-US\",\"potentialAction\":[{\"@type\":\"ReadAction\",\"target\":[\"https:\/\/kathylucan.com\/prohlaseni-o-prislusnosti\/\"]}]},{\"@type\":\"BreadcrumbList\",\"@id\":\"https:\/\/kathylucan.com\/prohlaseni-o-prislusnosti\/#breadcrumb\",\"itemListElement\":[{\"@type\":\"ListItem\",\"position\":1,\"name\":\"Dom\u016f\",\"item\":\"https:\/\/kathylucan.com\/\"},{\"@type\":\"ListItem\",\"position\":2,\"name\":\"Prohl\u00e1\u0161en\u00ed o p\u0159\u00edslu\u0161nosti\"}]},{\"@type\":\"WebSite\",\"@id\":\"https:\/\/kathylucan.com\/#website\",\"url\":\"https:\/\/kathylucan.com\/\",\"name\":\"Kathy Lu\u010dan\",\"description\":\"\",\"publisher\":{\"@id\":\"https:\/\/kathylucan.com\/#organization\"},\"potentialAction\":[{\"@type\":\"SearchAction\",\"target\":{\"@type\":\"EntryPoint\",\"urlTemplate\":\"https:\/\/kathylucan.com\/?s={search_term_string}\"},\"query-input\":{\"@type\":\"PropertyValueSpecification\",\"valueRequired\":true,\"valueName\":\"search_term_string\"}}],\"inLanguage\":\"en-US\"},{\"@type\":\"Organization\",\"@id\":\"https:\/\/kathylucan.com\/#organization\",\"name\":\"Kathy Lu\u010dan\",\"url\":\"https:\/\/kathylucan.com\/\",\"logo\":{\"@type\":\"ImageObject\",\"inLanguage\":\"en-US\",\"@id\":\"https:\/\/kathylucan.com\/#\/schema\/logo\/image\/\",\"url\":\"https:\/\/kathylucan.com\/wp-content\/uploads\/2025\/07\/Navrh-bez-nazvu-16-kopie.png\",\"contentUrl\":\"https:\/\/kathylucan.com\/wp-content\/uploads\/2025\/07\/Navrh-bez-nazvu-16-kopie.png\",\"width\":469,\"height\":148,\"caption\":\"Kathy Lu\u010dan\"},\"image\":{\"@id\":\"https:\/\/kathylucan.com\/#\/schema\/logo\/image\/\"}}]}<\/script>\n<!-- \/ Yoast SEO plugin. -->","yoast_head_json":{"title":"Prohl\u00e1\u0161en\u00ed o p\u0159\u00edslu\u0161nosti - Kathy Lu\u010dan","robots":{"index":"index","follow":"follow","max-snippet":"max-snippet:-1","max-image-preview":"max-image-preview:large","max-video-preview":"max-video-preview:-1"},"canonical":"https:\/\/kathylucan.com\/en\/prohlaseni-o-prislusnosti\/","og_locale":"en_US","og_type":"article","og_title":"Prohl\u00e1\u0161en\u00ed o p\u0159\u00edslu\u0161nosti - Kathy Lu\u010dan","og_description":"Prohl\u00e1\u0161en\u00ed o p\u0159\u00edslu\u0161nosti Obsah a slu\u017eby poskytovan\u00e9 na webu kathylucan.com slou\u017e\u00ed v\u00fdhradn\u011b k osobn\u00edmu rozvoji a sebepozn\u00e1n\u00ed. Kou\u010dink nen\u00ed psychoterapi\u00ed, l\u00e9ka\u0159skou p\u00e9\u010d\u00ed, pr\u00e1vn\u00ed ani finan\u010dn\u00ed konzultac\u00ed a nem\u016f\u017ee tyto slu\u017eby nahrazovat. Kou\u010d respektuje hranice sv\u00e9 profese a v p\u0159\u00edpad\u011b pot\u0159eby doporu\u010d\u00ed klientovi vyhledat jin\u00e9ho odborn\u00edka. Ve\u0161ker\u00e1 sd\u00edlen\u00e1 zku\u0161enost a informace maj\u00ed podp\u016frn\u00fd a rozvojov\u00fd charakter [&hellip;]","og_url":"https:\/\/kathylucan.com\/en\/prohlaseni-o-prislusnosti\/","og_site_name":"Kathy Lu\u010dan","article_modified_time":"2025-08-28T23:20:19+00:00","twitter_card":"summary_large_image","schema":{"@context":"https:\/\/schema.org","@graph":[{"@type":"WebPage","@id":"https:\/\/kathylucan.com\/prohlaseni-o-prislusnosti\/","url":"https:\/\/kathylucan.com\/prohlaseni-o-prislusnosti\/","name":"Prohl\u00e1\u0161en\u00ed o p\u0159\u00edslu\u0161nosti - Kathy Lu\u010dan","isPartOf":{"@id":"https:\/\/kathylucan.com\/#website"},"datePublished":"2025-08-26T15:53:29+00:00","dateModified":"2025-08-28T23:20:19+00:00","breadcrumb":{"@id":"https:\/\/kathylucan.com\/prohlaseni-o-prislusnosti\/#breadcrumb"},"inLanguage":"en-US","potentialAction":[{"@type":"ReadAction","target":["https:\/\/kathylucan.com\/prohlaseni-o-prislusnosti\/"]}]},{"@type":"BreadcrumbList","@id":"https:\/\/kathylucan.com\/prohlaseni-o-prislusnosti\/#breadcrumb","itemListElement":[{"@type":"ListItem","position":1,"name":"Dom\u016f","item":"https:\/\/kathylucan.com\/"},{"@type":"ListItem","position":2,"name":"Prohl\u00e1\u0161en\u00ed o p\u0159\u00edslu\u0161nosti"}]},{"@type":"WebSite","@id":"https:\/\/kathylucan.com\/#website","url":"https:\/\/kathylucan.com\/","name":"Kathy Lucan","description":"","publisher":{"@id":"https:\/\/kathylucan.com\/#organization"},"potentialAction":[{"@type":"SearchAction","target":{"@type":"EntryPoint","urlTemplate":"https:\/\/kathylucan.com\/?s={search_term_string}"},"query-input":{"@type":"PropertyValueSpecification","valueRequired":true,"valueName":"search_term_string"}}],"inLanguage":"en-US"},{"@type":"Organization","@id":"https:\/\/kathylucan.com\/#organization","name":"Kathy Lucan","url":"https:\/\/kathylucan.com\/","logo":{"@type":"ImageObject","inLanguage":"en-US","@id":"https:\/\/kathylucan.com\/#\/schema\/logo\/image\/","url":"https:\/\/kathylucan.com\/wp-content\/uploads\/2025\/07\/Navrh-bez-nazvu-16-kopie.png","contentUrl":"https:\/\/kathylucan.com\/wp-content\/uploads\/2025\/07\/Navrh-bez-nazvu-16-kopie.png","width":469,"height":148,"caption":"Kathy Lu\u010dan"},"image":{"@id":"https:\/\/kathylucan.com\/#\/schema\/logo\/image\/"}}]}},"_links":{"self":[{"href":"https:\/\/kathylucan.com\/en\/wp-json\/wp\/v2\/pages\/1244","targetHints":{"allow":["GET"]}}],"collection":[{"href":"https:\/\/kathylucan.com\/en\/wp-json\/wp\/v2\/pages"}],"about":[{"href":"https:\/\/kathylucan.com\/en\/wp-json\/wp\/v2\/types\/page"}],"author":[{"embeddable":true,"href":"https:\/\/kathylucan.com\/en\/wp-json\/wp\/v2\/users\/1"}],"replies":[{"embeddable":true,"href":"https:\/\/kathylucan.com\/en\/wp-json\/wp\/v2\/comments?post=1244"}],"version-history":[{"count":8,"href":"https:\/\/kathylucan.com\/en\/wp-json\/wp\/v2\/pages\/1244\/revisions"}],"predecessor-version":[{"id":1911,"href":"https:\/\/kathylucan.com\/en\/wp-json\/wp\/v2\/pages\/1244\/revisions\/1911"}],"wp:attachment":[{"href":"https:\/\/kathylucan.com\/en\/wp-json\/wp\/v2\/media?parent=1244"}],"curies":[{"name":"wp","href":"https:\/\/api.w.org\/{rel}","templated":true}]}}