{"id":1241,"date":"2025-08-26T17:52:32","date_gmt":"2025-08-26T15:52:32","guid":{"rendered":"https:\/\/new.kathylucan.com\/?page_id=1241"},"modified":"2025-08-29T01:24:44","modified_gmt":"2025-08-28T23:24:44","slug":"obchodni-podminky","status":"publish","type":"page","link":"https:\/\/kathylucan.com\/en\/obchodni-podminky\/","title":{"rendered":"Terms and Conditions"},"content":{"rendered":"<div data-elementor-type=\"wp-page\" data-elementor-id=\"1241\" class=\"elementor elementor-1241\" data-elementor-settings=\"{&quot;ha_cmc_init_switcher&quot;:&quot;no&quot;}\">\n\t\t\t\t<div class=\"elementor-element elementor-element-73418c3c e-flex e-con-boxed e-con e-parent\" data-id=\"73418c3c\" data-element_type=\"container\" data-settings=\"{&quot;_ha_eqh_enable&quot;:false}\">\n\t\t\t\t\t<div class=\"e-con-inner\">\n\t\t<div class=\"elementor-element elementor-element-43cfc31b e-con-full e-flex e-con e-child\" data-id=\"43cfc31b\" data-element_type=\"container\" data-settings=\"{&quot;_ha_eqh_enable&quot;:false}\">\n\t\t\t\t<div class=\"elementor-element elementor-element-47a612e8 elementor-widget elementor-widget-heading\" data-id=\"47a612e8\" data-element_type=\"widget\" data-widget_type=\"heading.default\">\n\t\t\t\t\t<h2 class=\"elementor-heading-title elementor-size-default\">Terms and Conditions<\/h2>\t\t\t\t<\/div>\n\t\t\t\t<div class=\"elementor-element elementor-element-640b08e3 elementor-widget elementor-widget-text-editor\" data-id=\"640b08e3\" data-element_type=\"widget\" data-widget_type=\"text-editor.default\">\n\t\t\t\t\t\t\t\t\t<p>These Terms and Conditions govern the relationship between coach Kathy Lu\u010dan and the client in the provision of coaching services.<\/p>\t\t\t\t\t\t\t\t<\/div>\n\t\t\t\t<div class=\"elementor-element elementor-element-41a64126 elementor-widget elementor-widget-text-editor\" data-id=\"41a64126\" data-element_type=\"widget\" data-widget_type=\"text-editor.default\">\n\t\t\t\t\t\t\t\t\t<p>1. Booking and Reservation<\/p>\t\t\t\t\t\t\t\t<\/div>\n\t\t\t\t<div class=\"elementor-element elementor-element-217bc967 elementor-widget elementor-widget-text-editor\" data-id=\"217bc967\" data-element_type=\"widget\" data-widget_type=\"text-editor.default\">\n\t\t\t\t\t\t\t\t\t<ul><li data-start=\"475\" data-end=\"588\">Coaching sessions can be booked via email, the website form, or another agreed method.<\/li><li data-start=\"591\" data-end=\"647\">A reservation becomes valid once it is confirmed by both parties.<\/li><\/ul>\t\t\t\t\t\t\t\t<\/div>\n\t\t\t\t<div class=\"elementor-element elementor-element-665cf687 elementor-widget elementor-widget-text-editor\" data-id=\"665cf687\" data-element_type=\"widget\" data-widget_type=\"text-editor.default\">\n\t\t\t\t\t\t\t\t\t<p>2. Price and Payment<\/p>\t\t\t\t\t\t\t\t<\/div>\n\t\t\t\t<div class=\"elementor-element elementor-element-51f6101f elementor-widget elementor-widget-text-editor\" data-id=\"51f6101f\" data-element_type=\"widget\" data-widget_type=\"text-editor.default\">\n\t\t\t\t\t\t\t\t\t<ul><li data-start=\"673\" data-end=\"752\">The price for coaching services is always stated on the website or agreed individually.<\/li><li data-start=\"755\" data-end=\"820\">Payment is made by bank transfer or another agreed method.<\/li><li data-start=\"823\" data-end=\"876\">Unless otherwise agreed, the payment is due in advance.<\/li><\/ul>\t\t\t\t\t\t\t\t<\/div>\n\t\t\t\t<div class=\"elementor-element elementor-element-8b83489 elementor-widget elementor-widget-text-editor\" data-id=\"8b83489\" data-element_type=\"widget\" data-widget_type=\"text-editor.default\">\n\t\t\t\t\t\t\t\t\t<p>3. Cancellations and Rescheduling<\/p>\t\t\t\t\t\t\t\t<\/div>\n\t\t\t\t<div class=\"elementor-element elementor-element-39438912 elementor-widget elementor-widget-text-editor\" data-id=\"39438912\" data-element_type=\"widget\" data-widget_type=\"text-editor.default\">\n\t\t\t\t\t\t\t\t\t<ul><li data-start=\"912\" data-end=\"975\">If you cannot attend a session, please inform me as soon as possible.<\/li><li data-start=\"978\" data-end=\"1043\">A session may be canceled or rescheduled up to 24 hours in advance.<\/li><li data-start=\"1046\" data-end=\"1105\">If canceled later, the full session fee may be charged.<\/li><\/ul>\t\t\t\t\t\t\t\t<\/div>\n\t\t\t\t<div class=\"elementor-element elementor-element-6c7840a3 elementor-widget elementor-widget-text-editor\" data-id=\"6c7840a3\" data-element_type=\"widget\" data-widget_type=\"text-editor.default\">\n\t\t\t\t\t\t\t\t\t<p>4. Nature of the Service<\/p>\t\t\t\t\t\t\t\t<\/div>\n\t\t\t\t<div class=\"elementor-element elementor-element-72b3c6d9 elementor-widget elementor-widget-text-editor\" data-id=\"72b3c6d9\" data-element_type=\"widget\" data-widget_type=\"text-editor.default\">\n\t\t\t\t\t\t\t\t\t<ul><li data-start=\"1131\" data-end=\"1260\">Coaching is a process of personal development and self-awareness. It does not replace psychotherapy, medical care, or legal or financial advice.<\/li><li data-start=\"1263\" data-end=\"1327\">The coaching process is based on mutual trust, openness, and respect.<\/li><\/ul>\t\t\t\t\t\t\t\t<\/div>\n\t\t\t\t<div class=\"elementor-element elementor-element-410e03cd elementor-widget elementor-widget-text-editor\" data-id=\"410e03cd\" data-element_type=\"widget\" data-widget_type=\"text-editor.default\">\n\t\t\t\t\t\t\t\t\t<p>5. Personal Data Protection<\/p>\t\t\t\t\t\t\t\t<\/div>\n\t\t\t\t<div class=\"elementor-element elementor-element-491b46a1 elementor-widget elementor-widget-text-editor\" data-id=\"491b46a1\" data-element_type=\"widget\" data-widget_type=\"text-editor.default\">\n\t\t\t\t\t\t\t\t\t<ul><li data-start=\"1362\" data-end=\"1463\">All personal data and session content are considered confidential and will not be shared with third parties.<\/li><li data-start=\"1466\" data-end=\"1530\">For more details, please refer to the <a class=\"decorated-link\" href=\"#\" rel=\"noopener\" data-start=\"1491\" data-end=\"1527\">Privacy Policy<\/a>.<\/li><\/ul>\t\t\t\t\t\t\t\t<\/div>\n\t\t\t\t<div class=\"elementor-element elementor-element-7080932f elementor-widget elementor-widget-text-editor\" data-id=\"7080932f\" data-element_type=\"widget\" data-widget_type=\"text-editor.default\">\n\t\t\t\t\t\t\t\t\t<p>6. Final Provisions<\/p>\t\t\t\t\t\t\t\t<\/div>\n\t\t\t\t<div class=\"elementor-element elementor-element-1d7a7082 elementor-widget elementor-widget-text-editor\" data-id=\"1d7a7082\" data-element_type=\"widget\" data-widget_type=\"text-editor.default\">\n\t\t\t\t\t\t\t\t\t<ul><li data-start=\"1563\" data-end=\"1628\">These Terms and Conditions are valid and effective as of August 28, 2025.<\/li><li data-start=\"1631\" data-end=\"1721\">The provider reserves the right to amend these terms; the current version is always available on the website.<\/li><\/ul>\t\t\t\t\t\t\t\t<\/div>\n\t\t\t\t<\/div>\n\t\t\t\t\t<\/div>\n\t\t\t\t<\/div>\n\t\t<div class=\"elementor-element elementor-element-56de257 e-flex e-con-boxed e-con e-parent\" data-id=\"56de257\" data-element_type=\"container\" data-settings=\"{&quot;_ha_eqh_enable&quot;:false}\">\n\t\t\t\t\t<div class=\"e-con-inner\">\n\t\t\t\t<div class=\"elementor-element elementor-element-0c2af76 elementor-widget-divider--view-line elementor-widget elementor-widget-divider\" data-id=\"0c2af76\" data-element_type=\"widget\" data-widget_type=\"divider.default\">\n\t\t\t\t\t\t\t<div class=\"elementor-divider\">\n\t\t\t<span class=\"elementor-divider-separator\">\n\t\t\t\t\t\t<\/span>\n\t\t<\/div>\n\t\t\t\t\t\t<\/div>\n\t\t\t\t\t<\/div>\n\t\t\t\t<\/div>\n\t\t\t\t<\/div>","protected":false},"excerpt":{"rendered":"<p>Obchodn\u00ed podm\u00ednky Tyto obchodn\u00ed podm\u00ednky upravuj\u00ed vztah mezi kou\u010dkou Kathy Lu\u010dan a klientem p\u0159i poskytov\u00e1n\u00ed kou\u010dovac\u00edch slu\u017eeb. 1. Objedn\u00e1vka a rezervace Kou\u010dovac\u00ed setk\u00e1n\u00ed je mo\u017en\u00e9 objednat prost\u0159ednictv\u00edm e-mailu, webov\u00e9ho formul\u00e1\u0159e nebo jin\u00fdm domluven\u00fdm zp\u016fsobem. Rezervace term\u00ednu je platn\u00e1 po potvrzen\u00ed z obou stran. 2. Cena a platba Cena za kou\u010dovac\u00ed slu\u017eby je v\u017edy uvedena na [&hellip;]<\/p>","protected":false},"author":1,"featured_media":0,"parent":0,"menu_order":0,"comment_status":"closed","ping_status":"closed","template":"","meta":{"_eb_attr":"","footnotes":""},"class_list":["post-1241","page","type-page","status-publish","hentry"],"yoast_head":"<!-- This site is optimized with the Yoast SEO plugin v26.4 - https:\/\/yoast.com\/wordpress\/plugins\/seo\/ -->\n<title>Obchodn\u00ed podm\u00ednky - Kathy Lu\u010dan<\/title>\n<meta name=\"robots\" content=\"index, follow, max-snippet:-1, max-image-preview:large, max-video-preview:-1\" \/>\n<link rel=\"canonical\" href=\"https:\/\/kathylucan.com\/en\/obchodni-podminky\/\" \/>\n<meta property=\"og:locale\" content=\"en_US\" \/>\n<meta property=\"og:type\" content=\"article\" \/>\n<meta property=\"og:title\" content=\"Obchodn\u00ed podm\u00ednky - Kathy Lu\u010dan\" \/>\n<meta property=\"og:description\" content=\"Obchodn\u00ed podm\u00ednky Tyto obchodn\u00ed podm\u00ednky upravuj\u00ed vztah mezi kou\u010dkou Kathy Lu\u010dan a klientem p\u0159i poskytov\u00e1n\u00ed kou\u010dovac\u00edch slu\u017eeb. 1. Objedn\u00e1vka a rezervace Kou\u010dovac\u00ed setk\u00e1n\u00ed je mo\u017en\u00e9 objednat prost\u0159ednictv\u00edm e-mailu, webov\u00e9ho formul\u00e1\u0159e nebo jin\u00fdm domluven\u00fdm zp\u016fsobem. Rezervace term\u00ednu je platn\u00e1 po potvrzen\u00ed z obou stran. 2. Cena a platba Cena za kou\u010dovac\u00ed slu\u017eby je v\u017edy uvedena na [&hellip;]\" \/>\n<meta property=\"og:url\" content=\"https:\/\/kathylucan.com\/en\/obchodni-podminky\/\" \/>\n<meta property=\"og:site_name\" content=\"Kathy Lu\u010dan\" \/>\n<meta property=\"article:modified_time\" content=\"2025-08-28T23:24:44+00:00\" \/>\n<meta name=\"twitter:card\" content=\"summary_large_image\" \/>\n<meta name=\"twitter:label1\" content=\"Est. reading time\" \/>\n\t<meta name=\"twitter:data1\" content=\"1 minute\" \/>\n<script type=\"application\/ld+json\" class=\"yoast-schema-graph\">{\"@context\":\"https:\/\/schema.org\",\"@graph\":[{\"@type\":\"WebPage\",\"@id\":\"https:\/\/kathylucan.com\/obchodni-podminky\/\",\"url\":\"https:\/\/kathylucan.com\/obchodni-podminky\/\",\"name\":\"Obchodn\u00ed podm\u00ednky - Kathy Lu\u010dan\",\"isPartOf\":{\"@id\":\"https:\/\/kathylucan.com\/#website\"},\"datePublished\":\"2025-08-26T15:52:32+00:00\",\"dateModified\":\"2025-08-28T23:24:44+00:00\",\"breadcrumb\":{\"@id\":\"https:\/\/kathylucan.com\/obchodni-podminky\/#breadcrumb\"},\"inLanguage\":\"en-US\",\"potentialAction\":[{\"@type\":\"ReadAction\",\"target\":[\"https:\/\/kathylucan.com\/obchodni-podminky\/\"]}]},{\"@type\":\"BreadcrumbList\",\"@id\":\"https:\/\/kathylucan.com\/obchodni-podminky\/#breadcrumb\",\"itemListElement\":[{\"@type\":\"ListItem\",\"position\":1,\"name\":\"Dom\u016f\",\"item\":\"https:\/\/kathylucan.com\/\"},{\"@type\":\"ListItem\",\"position\":2,\"name\":\"Obchodn\u00ed podm\u00ednky\"}]},{\"@type\":\"WebSite\",\"@id\":\"https:\/\/kathylucan.com\/#website\",\"url\":\"https:\/\/kathylucan.com\/\",\"name\":\"Kathy Lu\u010dan\",\"description\":\"\",\"publisher\":{\"@id\":\"https:\/\/kathylucan.com\/#organization\"},\"potentialAction\":[{\"@type\":\"SearchAction\",\"target\":{\"@type\":\"EntryPoint\",\"urlTemplate\":\"https:\/\/kathylucan.com\/?s={search_term_string}\"},\"query-input\":{\"@type\":\"PropertyValueSpecification\",\"valueRequired\":true,\"valueName\":\"search_term_string\"}}],\"inLanguage\":\"en-US\"},{\"@type\":\"Organization\",\"@id\":\"https:\/\/kathylucan.com\/#organization\",\"name\":\"Kathy Lu\u010dan\",\"url\":\"https:\/\/kathylucan.com\/\",\"logo\":{\"@type\":\"ImageObject\",\"inLanguage\":\"en-US\",\"@id\":\"https:\/\/kathylucan.com\/#\/schema\/logo\/image\/\",\"url\":\"https:\/\/kathylucan.com\/wp-content\/uploads\/2025\/07\/Navrh-bez-nazvu-16-kopie.png\",\"contentUrl\":\"https:\/\/kathylucan.com\/wp-content\/uploads\/2025\/07\/Navrh-bez-nazvu-16-kopie.png\",\"width\":469,\"height\":148,\"caption\":\"Kathy Lu\u010dan\"},\"image\":{\"@id\":\"https:\/\/kathylucan.com\/#\/schema\/logo\/image\/\"}}]}<\/script>\n<!-- \/ Yoast SEO plugin. -->","yoast_head_json":{"title":"Obchodn\u00ed podm\u00ednky - Kathy Lu\u010dan","robots":{"index":"index","follow":"follow","max-snippet":"max-snippet:-1","max-image-preview":"max-image-preview:large","max-video-preview":"max-video-preview:-1"},"canonical":"https:\/\/kathylucan.com\/en\/obchodni-podminky\/","og_locale":"en_US","og_type":"article","og_title":"Obchodn\u00ed podm\u00ednky - Kathy Lu\u010dan","og_description":"Obchodn\u00ed podm\u00ednky Tyto obchodn\u00ed podm\u00ednky upravuj\u00ed vztah mezi kou\u010dkou Kathy Lu\u010dan a klientem p\u0159i poskytov\u00e1n\u00ed kou\u010dovac\u00edch slu\u017eeb. 1. Objedn\u00e1vka a rezervace Kou\u010dovac\u00ed setk\u00e1n\u00ed je mo\u017en\u00e9 objednat prost\u0159ednictv\u00edm e-mailu, webov\u00e9ho formul\u00e1\u0159e nebo jin\u00fdm domluven\u00fdm zp\u016fsobem. Rezervace term\u00ednu je platn\u00e1 po potvrzen\u00ed z obou stran. 2. Cena a platba Cena za kou\u010dovac\u00ed slu\u017eby je v\u017edy uvedena na [&hellip;]","og_url":"https:\/\/kathylucan.com\/en\/obchodni-podminky\/","og_site_name":"Kathy Lu\u010dan","article_modified_time":"2025-08-28T23:24:44+00:00","twitter_card":"summary_large_image","twitter_misc":{"Est. reading time":"1 minute"},"schema":{"@context":"https:\/\/schema.org","@graph":[{"@type":"WebPage","@id":"https:\/\/kathylucan.com\/obchodni-podminky\/","url":"https:\/\/kathylucan.com\/obchodni-podminky\/","name":"Obchodn\u00ed podm\u00ednky - Kathy Lu\u010dan","isPartOf":{"@id":"https:\/\/kathylucan.com\/#website"},"datePublished":"2025-08-26T15:52:32+00:00","dateModified":"2025-08-28T23:24:44+00:00","breadcrumb":{"@id":"https:\/\/kathylucan.com\/obchodni-podminky\/#breadcrumb"},"inLanguage":"en-US","potentialAction":[{"@type":"ReadAction","target":["https:\/\/kathylucan.com\/obchodni-podminky\/"]}]},{"@type":"BreadcrumbList","@id":"https:\/\/kathylucan.com\/obchodni-podminky\/#breadcrumb","itemListElement":[{"@type":"ListItem","position":1,"name":"Dom\u016f","item":"https:\/\/kathylucan.com\/"},{"@type":"ListItem","position":2,"name":"Obchodn\u00ed podm\u00ednky"}]},{"@type":"WebSite","@id":"https:\/\/kathylucan.com\/#website","url":"https:\/\/kathylucan.com\/","name":"Kathy Lucan","description":"","publisher":{"@id":"https:\/\/kathylucan.com\/#organization"},"potentialAction":[{"@type":"SearchAction","target":{"@type":"EntryPoint","urlTemplate":"https:\/\/kathylucan.com\/?s={search_term_string}"},"query-input":{"@type":"PropertyValueSpecification","valueRequired":true,"valueName":"search_term_string"}}],"inLanguage":"en-US"},{"@type":"Organization","@id":"https:\/\/kathylucan.com\/#organization","name":"Kathy Lucan","url":"https:\/\/kathylucan.com\/","logo":{"@type":"ImageObject","inLanguage":"en-US","@id":"https:\/\/kathylucan.com\/#\/schema\/logo\/image\/","url":"https:\/\/kathylucan.com\/wp-content\/uploads\/2025\/07\/Navrh-bez-nazvu-16-kopie.png","contentUrl":"https:\/\/kathylucan.com\/wp-content\/uploads\/2025\/07\/Navrh-bez-nazvu-16-kopie.png","width":469,"height":148,"caption":"Kathy Lu\u010dan"},"image":{"@id":"https:\/\/kathylucan.com\/#\/schema\/logo\/image\/"}}]}},"_links":{"self":[{"href":"https:\/\/kathylucan.com\/en\/wp-json\/wp\/v2\/pages\/1241","targetHints":{"allow":["GET"]}}],"collection":[{"href":"https:\/\/kathylucan.com\/en\/wp-json\/wp\/v2\/pages"}],"about":[{"href":"https:\/\/kathylucan.com\/en\/wp-json\/wp\/v2\/types\/page"}],"author":[{"embeddable":true,"href":"https:\/\/kathylucan.com\/en\/wp-json\/wp\/v2\/users\/1"}],"replies":[{"embeddable":true,"href":"https:\/\/kathylucan.com\/en\/wp-json\/wp\/v2\/comments?post=1241"}],"version-history":[{"count":8,"href":"https:\/\/kathylucan.com\/en\/wp-json\/wp\/v2\/pages\/1241\/revisions"}],"predecessor-version":[{"id":1915,"href":"https:\/\/kathylucan.com\/en\/wp-json\/wp\/v2\/pages\/1241\/revisions\/1915"}],"wp:attachment":[{"href":"https:\/\/kathylucan.com\/en\/wp-json\/wp\/v2\/media?parent=1241"}],"curies":[{"name":"wp","href":"https:\/\/api.w.org\/{rel}","templated":true}]}}